{"id":49,"date":"2018-12-26T22:55:25","date_gmt":"2018-12-26T22:55:25","guid":{"rendered":"https:\/\/igaelu.ee\/ru\/?page_id=49"},"modified":"2024-03-01T19:46:38","modified_gmt":"2024-03-01T19:46:38","slug":"sobrad","status":"publish","type":"page","link":"https:\/\/igaelu.ee\/ru\/meist\/sobrad\/","title":{"rendered":"\u041d\u0430\u0448\u0438 \u0434\u0440\u0443\u0437\u044c\u044f"},"content":{"rendered":"\n<div class=\"wp-block-media-text is-stacked-on-mobile\" style=\"grid-template-columns:20% auto\"><figure class=\"wp-block-media-text__media\"><img loading=\"lazy\" decoding=\"async\" width=\"180\" height=\"180\" src=\"https:\/\/igaelu.ee\/ru\/wp-content\/uploads\/2024\/03\/politsei.png\" alt=\"\" class=\"wp-image-383 size-full\" srcset=\"https:\/\/igaelu.ee\/ru\/wp-content\/uploads\/2024\/03\/politsei.png 180w, https:\/\/igaelu.ee\/ru\/wp-content\/uploads\/2024\/03\/politsei-150x150.png 150w\" sizes=\"auto, (max-width: 180px) 100vw, 180px\" \/><\/figure><div class=\"wp-block-media-text__content\">\n<p><a href=\"https:\/\/www.facebook.com\/narvapolitseijaoskond\" target=\"_blank\" rel=\"noreferrer noopener\"><strong>Narva politseijaoskond<\/strong><\/a><\/p>\n<\/div><\/div>\n\n\n\n<div class=\"wp-block-media-text is-stacked-on-mobile\" style=\"grid-template-columns:20% auto\"><figure class=\"wp-block-media-text__media\"><img loading=\"lazy\" decoding=\"async\" width=\"180\" height=\"180\" src=\"https:\/\/igaelu.ee\/ru\/wp-content\/uploads\/2024\/03\/politsei.png\" alt=\"\" class=\"wp-image-383 size-full\" srcset=\"https:\/\/igaelu.ee\/ru\/wp-content\/uploads\/2024\/03\/politsei.png 180w, https:\/\/igaelu.ee\/ru\/wp-content\/uploads\/2024\/03\/politsei-150x150.png 150w\" sizes=\"auto, (max-width: 180px) 100vw, 180px\" \/><\/figure><div class=\"wp-block-media-text__content\">\n<p><a href=\"https:\/\/www.facebook.com\/johvipolitseijaoskond\" target=\"_blank\" rel=\"noreferrer noopener\"><strong>J\u00f5hvi politseijaoskond<\/strong><\/a><\/p>\n<\/div><\/div>\n\n\n\n<div class=\"wp-block-media-text is-stacked-on-mobile\" style=\"grid-template-columns:20% auto\"><figure class=\"wp-block-media-text__media\"><img loading=\"lazy\" decoding=\"async\" width=\"1024\" height=\"1024\" src=\"https:\/\/igaelu.ee\/ru\/wp-content\/uploads\/2024\/03\/k9-1024x1024.jpg\" alt=\"\" class=\"wp-image-384 size-full\" srcset=\"https:\/\/igaelu.ee\/ru\/wp-content\/uploads\/2024\/03\/k9-1024x1024.jpg 1024w, https:\/\/igaelu.ee\/ru\/wp-content\/uploads\/2024\/03\/k9-300x300.jpg 300w, https:\/\/igaelu.ee\/ru\/wp-content\/uploads\/2024\/03\/k9-150x150.jpg 150w, https:\/\/igaelu.ee\/ru\/wp-content\/uploads\/2024\/03\/k9-768x768.jpg 768w, https:\/\/igaelu.ee\/ru\/wp-content\/uploads\/2024\/03\/k9-1536x1536.jpg 1536w, https:\/\/igaelu.ee\/ru\/wp-content\/uploads\/2024\/03\/k9-676x676.jpg 676w, https:\/\/igaelu.ee\/ru\/wp-content\/uploads\/2024\/03\/k9.jpg 2048w\" sizes=\"auto, (max-width: 1024px) 100vw, 1024px\" \/><\/figure><div class=\"wp-block-media-text__content\">\n<p><strong><a href=\"https:\/\/www.facebook.com\/K9sar\" target=\"_blank\" rel=\"noreferrer noopener\">K9-Sos Cilv\u0113ku mekl\u0113\u0161ana<\/a><\/strong><\/p>\n<\/div><\/div>\n\n\n\n<div class=\"wp-block-media-text is-stacked-on-mobile\" style=\"grid-template-columns:20% auto\"><figure class=\"wp-block-media-text__media\"><img loading=\"lazy\" decoding=\"async\" width=\"400\" height=\"400\" src=\"https:\/\/igaelu.ee\/ru\/wp-content\/uploads\/2024\/03\/tapa.jpg\" alt=\"\" class=\"wp-image-382 size-full\" srcset=\"https:\/\/igaelu.ee\/ru\/wp-content\/uploads\/2024\/03\/tapa.jpg 400w, https:\/\/igaelu.ee\/ru\/wp-content\/uploads\/2024\/03\/tapa-300x300.jpg 300w, https:\/\/igaelu.ee\/ru\/wp-content\/uploads\/2024\/03\/tapa-150x150.jpg 150w\" sizes=\"auto, (max-width: 400px) 100vw, 400px\" \/><\/figure><div class=\"wp-block-media-text__content\">\n<p><a href=\"https:\/\/www.facebook.com\/groups\/623595261626234\" target=\"_blank\" rel=\"noreferrer noopener\"><strong><a href=\"https:\/\/www.facebook.com\/groups\/623595261626234\" target=\"_blank\" rel=\"noreferrer noopener\">MT\u00dc Tapa Otsingugrupp<\/a><\/strong><\/a><\/p>\n<\/div><\/div>\n\n\n\n<div class=\"wp-block-media-text is-stacked-on-mobile\" style=\"grid-template-columns:20% auto\"><figure class=\"wp-block-media-text__media\"><img loading=\"lazy\" decoding=\"async\" width=\"787\" height=\"787\" src=\"https:\/\/igaelu.ee\/ru\/wp-content\/uploads\/2024\/03\/paite.jpg\" alt=\"\" class=\"wp-image-381 size-full\" srcset=\"https:\/\/igaelu.ee\/ru\/wp-content\/uploads\/2024\/03\/paite.jpg 787w, https:\/\/igaelu.ee\/ru\/wp-content\/uploads\/2024\/03\/paite-300x300.jpg 300w, https:\/\/igaelu.ee\/ru\/wp-content\/uploads\/2024\/03\/paite-150x150.jpg 150w, https:\/\/igaelu.ee\/ru\/wp-content\/uploads\/2024\/03\/paite-768x768.jpg 768w, https:\/\/igaelu.ee\/ru\/wp-content\/uploads\/2024\/03\/paite-676x676.jpg 676w\" sizes=\"auto, (max-width: 787px) 100vw, 787px\" \/><\/figure><div class=\"wp-block-media-text__content\">\n<p><a href=\"https:\/\/www.facebook.com\/paiteloomapark\" target=\"_blank\" rel=\"noreferrer noopener\"><strong>MT\u00dc Ayuda (P\u00e4ite loomapark)<\/strong><\/a><\/p>\n<\/div><\/div>\n\n\n\n<div class=\"wp-block-media-text is-stacked-on-mobile\" style=\"grid-template-columns:20% auto\"><figure class=\"wp-block-media-text__media\"><img loading=\"lazy\" decoding=\"async\" width=\"493\" height=\"493\" src=\"https:\/\/igaelu.ee\/ru\/wp-content\/uploads\/2024\/03\/nla.png\" alt=\"\" class=\"wp-image-380 size-full\" srcset=\"https:\/\/igaelu.ee\/ru\/wp-content\/uploads\/2024\/03\/nla.png 493w, https:\/\/igaelu.ee\/ru\/wp-content\/uploads\/2024\/03\/nla-300x300.png 300w, https:\/\/igaelu.ee\/ru\/wp-content\/uploads\/2024\/03\/nla-150x150.png 150w\" sizes=\"auto, (max-width: 493px) 100vw, 493px\" \/><\/figure><div class=\"wp-block-media-text__content\">\n<p><strong><a href=\"https:\/\/www.facebook.com\/narvalinnaarendus\" target=\"_blank\" rel=\"noreferrer noopener\">Narva Linna Arendus SA<\/a><\/strong><\/p>\n<\/div><\/div>\n\n\n\n<div class=\"wp-block-media-text is-stacked-on-mobile\" style=\"grid-template-columns:30% auto\"><figure class=\"wp-block-media-text__media\"><img loading=\"lazy\" decoding=\"async\" width=\"866\" height=\"294\" src=\"https:\/\/igaelu.ee\/ru\/wp-content\/uploads\/2024\/03\/kuld.png\" alt=\"\" class=\"wp-image-385 size-full\" srcset=\"https:\/\/igaelu.ee\/ru\/wp-content\/uploads\/2024\/03\/kuld.png 866w, https:\/\/igaelu.ee\/ru\/wp-content\/uploads\/2024\/03\/kuld-300x102.png 300w, https:\/\/igaelu.ee\/ru\/wp-content\/uploads\/2024\/03\/kuld-768x261.png 768w, https:\/\/igaelu.ee\/ru\/wp-content\/uploads\/2024\/03\/kuld-676x229.png 676w\" sizes=\"auto, (max-width: 866px) 100vw, 866px\" \/><\/figure><div class=\"wp-block-media-text__content\">\n<p><strong><a href=\"https:\/\/sites.google.com\/view\/esmaabikuldaabi\/tervitus?authuser=0\" target=\"_blank\" rel=\"noreferrer noopener\"><strong><a href=\"https:\/\/sites.google.com\/view\/esmaabikuldaabi\/tervitus?authuser=0\" data-type=\"link\" data-id=\"https:\/\/sites.google.com\/view\/esmaabikuldaabi\/tervitus?authuser=0\" target=\"_blank\" rel=\"noreferrer noopener\">Kuldaabi Tugikeskus MT\u00dc<\/a><\/strong><\/a><\/strong><\/p>\n<\/div><\/div>\n\n\n\n<div class=\"wp-block-media-text is-stacked-on-mobile\" style=\"grid-template-columns:30% auto\"><figure class=\"wp-block-media-text__media\"><img loading=\"lazy\" decoding=\"async\" width=\"1024\" height=\"384\" src=\"https:\/\/igaelu.ee\/ru\/wp-content\/uploads\/2024\/03\/operog-1-1024x384.jpg\" alt=\"\" class=\"wp-image-387 size-full\" srcset=\"https:\/\/igaelu.ee\/ru\/wp-content\/uploads\/2024\/03\/operog-1-1024x384.jpg 1024w, https:\/\/igaelu.ee\/ru\/wp-content\/uploads\/2024\/03\/operog-1-300x113.jpg 300w, https:\/\/igaelu.ee\/ru\/wp-content\/uploads\/2024\/03\/operog-1-768x288.jpg 768w, https:\/\/igaelu.ee\/ru\/wp-content\/uploads\/2024\/03\/operog-1-676x254.jpg 676w, https:\/\/igaelu.ee\/ru\/wp-content\/uploads\/2024\/03\/operog-1.jpg 1200w\" sizes=\"auto, (max-width: 1024px) 100vw, 1024px\" \/><\/figure><div class=\"wp-block-media-text__content\">\n<p><strong><a href=\"https:\/\/www.facebook.com\/groups\/OPEROG\" target=\"_blank\" rel=\"noreferrer noopener\">SA Kadunud OPEROG Operatiivne Otsingugrupp<\/a><\/strong><\/p>\n<\/div><\/div>\n\n\n\n<div class=\"wp-block-media-text is-stacked-on-mobile\" style=\"grid-template-columns:20% auto\"><figure class=\"wp-block-media-text__media\"><img loading=\"lazy\" decoding=\"async\" width=\"1024\" height=\"1024\" src=\"https:\/\/igaelu.ee\/ru\/wp-content\/uploads\/2024\/03\/kusk-1024x1024.png\" alt=\"\" class=\"wp-image-388 size-full\" srcset=\"https:\/\/igaelu.ee\/ru\/wp-content\/uploads\/2024\/03\/kusk-1024x1024.png 1024w, https:\/\/igaelu.ee\/ru\/wp-content\/uploads\/2024\/03\/kusk-300x300.png 300w, https:\/\/igaelu.ee\/ru\/wp-content\/uploads\/2024\/03\/kusk-150x150.png 150w, https:\/\/igaelu.ee\/ru\/wp-content\/uploads\/2024\/03\/kusk-768x768.png 768w, https:\/\/igaelu.ee\/ru\/wp-content\/uploads\/2024\/03\/kusk-1536x1536.png 1536w, https:\/\/igaelu.ee\/ru\/wp-content\/uploads\/2024\/03\/kusk-676x676.png 676w, https:\/\/igaelu.ee\/ru\/wp-content\/uploads\/2024\/03\/kusk.png 2048w\" sizes=\"auto, (max-width: 1024px) 100vw, 1024px\" \/><\/figure><div class=\"wp-block-media-text__content\">\n<p><strong><a href=\"https:\/\/www.facebook.com\/KodanikuyhiskonnaSihtkapital\" target=\"_blank\" rel=\"noreferrer noopener\">SA Kodaniku\u00fchiskonna Sihtkapital<\/a><\/strong><\/p>\n<\/div><\/div>\n\n\n\n<div class=\"wp-block-media-text is-stacked-on-mobile\" style=\"grid-template-columns:20% auto\"><figure class=\"wp-block-media-text__media\"><img loading=\"lazy\" decoding=\"async\" width=\"320\" height=\"320\" src=\"https:\/\/igaelu.ee\/ru\/wp-content\/uploads\/2024\/03\/270077331_249242503990780_8246508661802041278_n.png\" alt=\"\" class=\"wp-image-389 size-full\" srcset=\"https:\/\/igaelu.ee\/ru\/wp-content\/uploads\/2024\/03\/270077331_249242503990780_8246508661802041278_n.png 320w, https:\/\/igaelu.ee\/ru\/wp-content\/uploads\/2024\/03\/270077331_249242503990780_8246508661802041278_n-300x300.png 300w, https:\/\/igaelu.ee\/ru\/wp-content\/uploads\/2024\/03\/270077331_249242503990780_8246508661802041278_n-150x150.png 150w\" sizes=\"auto, (max-width: 320px) 100vw, 320px\" \/><\/figure><div class=\"wp-block-media-text__content\">\n<p><strong><a href=\"https:\/\/www.facebook.com\/nordenest\" target=\"_blank\" rel=\"noreferrer noopener\">P\u00f5hjamaade Ministrite N\u00f5ukogu esindus Eestis<\/a><\/strong><\/p>\n<\/div><\/div>\n\n\n\n<div class=\"wp-block-media-text is-stacked-on-mobile\" style=\"grid-template-columns:20% auto\"><figure class=\"wp-block-media-text__media\"><img loading=\"lazy\" decoding=\"async\" width=\"258\" height=\"258\" src=\"https:\/\/igaelu.ee\/ru\/wp-content\/uploads\/2024\/03\/ivek.png\" alt=\"\" class=\"wp-image-390 size-full\" srcset=\"https:\/\/igaelu.ee\/ru\/wp-content\/uploads\/2024\/03\/ivek.png 258w, https:\/\/igaelu.ee\/ru\/wp-content\/uploads\/2024\/03\/ivek-150x150.png 150w\" sizes=\"auto, (max-width: 258px) 100vw, 258px\" \/><\/figure><div class=\"wp-block-media-text__content\">\n<p><strong><a href=\"https:\/\/www.facebook.com\/IVEK.EE\" target=\"_blank\" rel=\"noreferrer noopener\">Ida-Viru Ettev\u00f5tluskeskus<\/a><\/strong><\/p>\n<\/div><\/div>\n\n\n\n<div class=\"wp-block-media-text is-stacked-on-mobile\" style=\"grid-template-columns:20% auto\"><figure class=\"wp-block-media-text__media\"><img loading=\"lazy\" decoding=\"async\" width=\"1024\" height=\"1024\" src=\"https:\/\/igaelu.ee\/ru\/wp-content\/uploads\/2024\/03\/ivol-1024x1024.jpg\" alt=\"\" class=\"wp-image-391 size-full\" srcset=\"https:\/\/igaelu.ee\/ru\/wp-content\/uploads\/2024\/03\/ivol-1024x1024.jpg 1024w, https:\/\/igaelu.ee\/ru\/wp-content\/uploads\/2024\/03\/ivol-300x300.jpg 300w, https:\/\/igaelu.ee\/ru\/wp-content\/uploads\/2024\/03\/ivol-150x150.jpg 150w, https:\/\/igaelu.ee\/ru\/wp-content\/uploads\/2024\/03\/ivol-768x768.jpg 768w, https:\/\/igaelu.ee\/ru\/wp-content\/uploads\/2024\/03\/ivol-1536x1536.jpg 1536w, https:\/\/igaelu.ee\/ru\/wp-content\/uploads\/2024\/03\/ivol-676x676.jpg 676w, https:\/\/igaelu.ee\/ru\/wp-content\/uploads\/2024\/03\/ivol.jpg 2048w\" sizes=\"auto, (max-width: 1024px) 100vw, 1024px\" \/><\/figure><div class=\"wp-block-media-text__content\">\n<p><strong><a href=\"https:\/\/www.facebook.com\/profile.php?id=100067528151372\" target=\"_blank\" rel=\"noreferrer noopener\">Ida-Virumaa Omavalitsuste Liit<\/a><\/strong><\/p>\n<\/div><\/div>\n\n\n\n<p><strong>Narva Raadioklubi MT\u00dc<\/strong><\/p>\n","protected":false},"excerpt":{"rendered":"<p>Narva politseijaoskond J\u00f5hvi politseijaoskond K9-Sos Cilv\u0113ku mekl\u0113\u0161ana MT\u00dc Tapa Otsingugrupp MT\u00dc Ayuda (P\u00e4ite loomapark) Narva Linna Arendus SA Kuldaabi Tugikeskus MT\u00dc SA Kadunud OPEROG Operatiivne Otsingugrupp SA Kodaniku\u00fchiskonna Sihtkapital P\u00f5hjamaade Ministrite N\u00f5ukogu esindus Eestis Ida-Viru Ettev\u00f5tluskeskus Ida-Virumaa Omavalitsuste Liit Narva Raadioklubi MT\u00dc<\/p>\n","protected":false},"author":1,"featured_media":0,"parent":36,"menu_order":5,"comment_status":"closed","ping_status":"closed","template":"","meta":{"footnotes":""},"class_list":["post-49","page","type-page","status-publish","hentry","post-preview"],"_links":{"self":[{"href":"https:\/\/igaelu.ee\/ru\/wp-json\/wp\/v2\/pages\/49","targetHints":{"allow":["GET"]}}],"collection":[{"href":"https:\/\/igaelu.ee\/ru\/wp-json\/wp\/v2\/pages"}],"about":[{"href":"https:\/\/igaelu.ee\/ru\/wp-json\/wp\/v2\/types\/page"}],"author":[{"embeddable":true,"href":"https:\/\/igaelu.ee\/ru\/wp-json\/wp\/v2\/users\/1"}],"replies":[{"embeddable":true,"href":"https:\/\/igaelu.ee\/ru\/wp-json\/wp\/v2\/comments?post=49"}],"version-history":[{"count":4,"href":"https:\/\/igaelu.ee\/ru\/wp-json\/wp\/v2\/pages\/49\/revisions"}],"predecessor-version":[{"id":392,"href":"https:\/\/igaelu.ee\/ru\/wp-json\/wp\/v2\/pages\/49\/revisions\/392"}],"up":[{"embeddable":true,"href":"https:\/\/igaelu.ee\/ru\/wp-json\/wp\/v2\/pages\/36"}],"wp:attachment":[{"href":"https:\/\/igaelu.ee\/ru\/wp-json\/wp\/v2\/media?parent=49"}],"curies":[{"name":"wp","href":"https:\/\/api.w.org\/{rel}","templated":true}]}}